{"id":1374,"date":"2022-05-30T22:43:57","date_gmt":"2022-05-30T22:43:57","guid":{"rendered":"https:\/\/6f10b73ee8.nxcli.io\/?page_id=1374"},"modified":"2022-06-03T10:00:23","modified_gmt":"2022-06-03T10:00:23","slug":"gisting","status":"publish","type":"page","link":"https:\/\/westmanislandsluxury.is\/is\/gisting\/","title":{"rendered":"Gisting"},"content":{"rendered":"\t\t<div data-elementor-type=\"wp-page\" data-elementor-id=\"1374\" class=\"elementor elementor-1374\" data-elementor-post-type=\"page\">\n\t\t\t\t\t\t<section class=\"elementor-section elementor-top-section elementor-element elementor-element-3d283a15 elementor-section-height-min-height elementor-section-boxed elementor-section-height-default elementor-section-items-middle\" data-id=\"3d283a15\" data-element_type=\"section\" data-settings=\"{&quot;background_background&quot;:&quot;classic&quot;}\">\n\t\t\t\t\t\t<div class=\"elementor-container elementor-column-gap-default\">\n\t\t\t\t\t<div class=\"elementor-column elementor-col-100 elementor-top-column elementor-element elementor-element-7a525778 animated-slow elementor-invisible\" data-id=\"7a525778\" data-element_type=\"column\" data-settings=\"{&quot;animation&quot;:&quot;zoomIn&quot;,&quot;animation_delay&quot;:2000}\">\n\t\t\t<div class=\"elementor-widget-wrap elementor-element-populated\">\n\t\t\t\t\t\t\t<\/div>\n\t\t<\/div>\n\t\t\t\t\t<\/div>\n\t\t<\/section>\n\t\t\t\t<section class=\"elementor-section elementor-top-section elementor-element elementor-element-f07d7e5 elementor-section-boxed elementor-section-height-default elementor-section-height-default\" data-id=\"f07d7e5\" data-element_type=\"section\">\n\t\t\t\t\t\t<div class=\"elementor-container elementor-column-gap-default\">\n\t\t\t\t\t<div class=\"elementor-column elementor-col-100 elementor-top-column elementor-element elementor-element-233382a5\" data-id=\"233382a5\" data-element_type=\"column\">\n\t\t\t<div class=\"elementor-widget-wrap elementor-element-populated\">\n\t\t\t\t\t\t<section class=\"elementor-section elementor-inner-section elementor-element elementor-element-4f8c47db elementor-section-height-min-height elementor-section-boxed elementor-section-height-default\" data-id=\"4f8c47db\" data-element_type=\"section\">\n\t\t\t\t\t\t<div class=\"elementor-container elementor-column-gap-default\">\n\t\t\t\t\t<div class=\"elementor-column elementor-col-100 elementor-inner-column elementor-element elementor-element-4402cb5d\" data-id=\"4402cb5d\" data-element_type=\"column\" data-settings=\"{&quot;background_background&quot;:&quot;classic&quot;}\">\n\t\t\t<div class=\"elementor-widget-wrap elementor-element-populated\">\n\t\t\t\t\t\t<div class=\"elementor-element elementor-element-54e6503d elementor-widget elementor-widget-heading\" data-id=\"54e6503d\" data-element_type=\"widget\" data-widget_type=\"heading.default\">\n\t\t\t\t<div class=\"elementor-widget-container\">\n\t\t\t<h2 class=\"elementor-heading-title elementor-size-default\">\u00darvalsgisting \u00ed Vestmannaeyjum<\/h2>\t\t<\/div>\n\t\t\t\t<\/div>\n\t\t\t\t<div class=\"elementor-element elementor-element-450729 elementor-widget elementor-widget-text-editor\" data-id=\"450729\" data-element_type=\"widget\" data-widget_type=\"text-editor.default\">\n\t\t\t\t<div class=\"elementor-widget-container\">\n\t\t\t\t\t\t\t<p>Vi\u00f0 bj\u00f3\u00f0um upp \u00e1 \u00farvalsgistingu \u00e1 fr\u00e1b\u00e6rum sta\u00f0 \u00ed Vestmannaeyjum. Fullb\u00fain einb\u00fdlish\u00fas og \u00edb\u00fa\u00f0ir \u00e1 g\u00f3\u00f0u ver\u00f0i.\u00a0<\/p><p><strong>Einb\u00fdlish\u00fasin vi\u00f0 B\u00fahamar (Ocean Villas)<\/strong><\/p><ul><li>Sta\u00f0sett \u00e1 vesturhluta eyjunnar, r\u00e9tt hj\u00e1 golfvellinum<\/li><li>Eitt fallegasta \u00fats\u00fdni eyjunnar<\/li><li>Fullb\u00fain einb\u00fdlish\u00fas fyrir allt a\u00f0 11 manns<\/li><li>Fj\u00f6gur svefnherbergi, sj\u00f3nvarp \u00ed \u00f6llum herbergjum me\u00f0 a\u00f0gangi a\u00f0 Netflix<\/li><li>Fullb\u00fain ba\u00f0herbergi, eldh\u00fas og \u00fevottah\u00fas<\/li><li>Pallur me\u00f0 heitum potti, grilli og \u00fatih\u00fasg\u00f6gnum<\/li><li>Fr\u00edtt WiFi<\/li><li><a href=\"https:\/\/westmanislandsluxury.is\/is\/ocean-villas\/\" target=\"_blank\" rel=\"noopener\">N\u00e1nar um einb\u00fdlish\u00fasin<\/a><br \/><br \/><\/li><\/ul><p><a href=\"https:\/\/westmanislandsluxury.is\/is\/book-now\/\" target=\"_blank\" rel=\"noopener\">Sko\u00f0a lausar dagsetningar og ver\u00f0.<\/a><br \/><br \/><\/p><p><strong>\u00cdb\u00fa\u00f0irnar vi\u00f0 B\u00e1saskersbryggju (Pier Apartments)<\/strong><\/p><ul><li>Sta\u00f0settar vi\u00f0 h\u00f6fnina, \u00fear sem Herj\u00f3lfur leggur a\u00f0 bryggju<\/li><li>150 fermetra \u00edb\u00fa\u00f0ir fyrir allt a\u00f0 7 manns<\/li><li>\u00derj\u00fa svefnherbergi, sj\u00f3nvarp \u00ed \u00f6llum herbergjum me\u00f0 a\u00f0gangi a\u00f0 Netflix<\/li><li>Fullb\u00fai\u00f0 eldh\u00fas, ba\u00f0herbergi, sameiginlegt \u00fevottah\u00fas<\/li><li>Svalir til nor\u00f0urs me\u00f0 \u00fats\u00fdni yfir h\u00f6fnina<\/li><li>Fr\u00edtt WiFi<\/li><li><a href=\"https:\/\/westmanislandsluxury.is\/is\/pier-apartments\/\" target=\"_blank\" rel=\"noopener\">N\u00e1nar um \u00edb\u00fa\u00f0irnar<\/a><\/li><\/ul><p><br \/><a href=\"https:\/\/westmanislandsluxury.is\/is\/book-now\/\" target=\"_blank\" rel=\"noopener\">Sko\u00f0a lausar dagsetningar og ver\u00f0.<\/a><\/p>\t\t\t\t\t\t<\/div>\n\t\t\t\t<\/div>\n\t\t\t\t<div class=\"elementor-element elementor-element-6b445219 elementor-widget elementor-widget-image\" data-id=\"6b445219\" data-element_type=\"widget\" data-widget_type=\"image.default\">\n\t\t\t\t<div class=\"elementor-widget-container\">\n\t\t\t\t\t\t\t\t\t\t\t\t\t<img fetchpriority=\"high\" decoding=\"async\" width=\"800\" height=\"408\" src=\"https:\/\/westmanislandsluxury.is\/wp-content\/uploads\/2021\/08\/thumbnail_luxury_villas_kort-1024x522.png\" class=\"attachment-large size-large wp-image-548\" alt=\"\" srcset=\"https:\/\/westmanislandsluxury.is\/wp-content\/uploads\/2021\/08\/thumbnail_luxury_villas_kort-1024x522.png 1024w, https:\/\/westmanislandsluxury.is\/wp-content\/uploads\/2021\/08\/thumbnail_luxury_villas_kort-300x153.png 300w, https:\/\/westmanislandsluxury.is\/wp-content\/uploads\/2021\/08\/thumbnail_luxury_villas_kort-768x391.png 768w, https:\/\/westmanislandsluxury.is\/wp-content\/uploads\/2021\/08\/thumbnail_luxury_villas_kort.png 1280w\" sizes=\"(max-width: 800px) 100vw, 800px\" \/>\t\t\t\t\t\t\t\t\t\t\t\t\t<\/div>\n\t\t\t\t<\/div>\n\t\t\t\t\t<\/div>\n\t\t<\/div>\n\t\t\t\t\t<\/div>\n\t\t<\/section>\n\t\t\t\t\t<\/div>\n\t\t<\/div>\n\t\t\t\t\t<\/div>\n\t\t<\/section>\n\t\t\t\t<section class=\"elementor-section elementor-top-section elementor-element elementor-element-3cd95a5 elementor-section-boxed elementor-section-height-default elementor-section-height-default\" data-id=\"3cd95a5\" data-element_type=\"section\">\n\t\t\t\t\t\t<div class=\"elementor-container elementor-column-gap-default\">\n\t\t\t\t\t<div class=\"elementor-column elementor-col-100 elementor-top-column elementor-element elementor-element-5b19691\" data-id=\"5b19691\" data-element_type=\"column\">\n\t\t\t<div class=\"elementor-widget-wrap elementor-element-populated\">\n\t\t\t\t\t\t<div class=\"elementor-element elementor-element-b22a52d elementor-widget elementor-widget-text-editor\" data-id=\"b22a52d\" data-element_type=\"widget\" data-widget_type=\"text-editor.default\">\n\t\t\t\t<div class=\"elementor-widget-container\">\n\t\t\t\t\t\t\t<p>Einn flottasti golfv\u00f6llur landsins er \u00ed Vestmannaeyjum, vi\u00f0 bj\u00f3\u00f0um upp \u00e1 <a href=\"https:\/\/westmanislandsluxury.is\/is\/gisting\/golf-i-vestmannaeyjum\/\">golf og gistingu \u00ed Eyjum<\/a>.<\/p>\t\t\t\t\t\t<\/div>\n\t\t\t\t<\/div>\n\t\t\t\t\t<\/div>\n\t\t<\/div>\n\t\t\t\t\t<\/div>\n\t\t<\/section>\n\t\t\t\t<\/div>\n\t\t","protected":false},"excerpt":{"rendered":"<p>\u00darvalsgisting \u00ed Vestmannaeyjum Vi\u00f0 bj\u00f3\u00f0um upp \u00e1 \u00farvalsgistingu \u00e1 fr\u00e1b\u00e6rum sta\u00f0 \u00ed Vestmannaeyjum. Fullb\u00fain einb\u00fdlish\u00fas og \u00edb\u00fa\u00f0ir \u00e1 g\u00f3\u00f0u ver\u00f0i.\u00a0 Einb\u00fdlish\u00fasin vi\u00f0 B\u00fahamar (Ocean Villas) Sta\u00f0sett \u00e1 vesturhluta eyjunnar, r\u00e9tt hj\u00e1 golfvellinum Eitt fallegasta \u00fats\u00fdni eyjunnar Fullb\u00fain einb\u00fdlish\u00fas fyrir allt a\u00f0 11 manns Fj\u00f6gur svefnherbergi, sj\u00f3nvarp \u00ed \u00f6llum herbergjum me\u00f0 a\u00f0gangi a\u00f0 Netflix Fullb\u00fain ba\u00f0herbergi, [&hellip;]<\/p>\n","protected":false},"author":5,"featured_media":0,"parent":0,"menu_order":0,"comment_status":"closed","ping_status":"closed","template":"","meta":{"footnotes":""},"class_list":["post-1374","page","type-page","status-publish","hentry"],"yoast_head":"<!-- This site is optimized with the Yoast SEO plugin v24.3 - https:\/\/yoast.com\/wordpress\/plugins\/seo\/ -->\n<title>Gisting \u00ed Vestmannaeyjum - Fullb\u00fain einb\u00fdlish\u00fas og \u00edb\u00fa\u00f0ir \u00e1 besta sta\u00f0<\/title>\n<meta name=\"description\" content=\"\u00darvalsgisting \u00ed Vestmannaeyjum. Vi\u00f0 bj\u00f3\u00f0um upp\u00e1 fullb\u00fain einb\u00fdlish\u00fas me\u00f0 st\u00f3rbrotnu \u00fats\u00fdni r\u00e9tt vi\u00f0 golfv\u00f6llinn, einnig bj\u00f3\u00f0um vi\u00f0 upp \u00e1 gl\u00e6silegar \u00edb\u00fa\u00f0ir vi\u00f0 h\u00f6fnina.\" \/>\n<meta name=\"robots\" content=\"index, follow, max-snippet:-1, max-image-preview:large, max-video-preview:-1\" \/>\n<link rel=\"canonical\" href=\"https:\/\/westmanislandsluxury.is\/is\/gisting\/\" \/>\n<meta property=\"og:locale\" content=\"is_IS\" \/>\n<meta property=\"og:type\" content=\"article\" \/>\n<meta property=\"og:title\" content=\"Gisting \u00ed Vestmannaeyjum - Fullb\u00fain einb\u00fdlish\u00fas og \u00edb\u00fa\u00f0ir \u00e1 besta sta\u00f0\" \/>\n<meta property=\"og:description\" content=\"\u00darvalsgisting \u00ed Vestmannaeyjum. Vi\u00f0 bj\u00f3\u00f0um upp\u00e1 fullb\u00fain einb\u00fdlish\u00fas me\u00f0 st\u00f3rbrotnu \u00fats\u00fdni r\u00e9tt vi\u00f0 golfv\u00f6llinn, einnig bj\u00f3\u00f0um vi\u00f0 upp \u00e1 gl\u00e6silegar \u00edb\u00fa\u00f0ir vi\u00f0 h\u00f6fnina.\" \/>\n<meta property=\"og:url\" content=\"https:\/\/westmanislandsluxury.is\/is\/gisting\/\" \/>\n<meta property=\"og:site_name\" content=\"Westman Islands Villas &amp; Apartments\" \/>\n<meta property=\"article:modified_time\" content=\"2022-06-03T10:00:23+00:00\" \/>\n<meta property=\"og:image\" content=\"https:\/\/westmanislandsluxury.is\/wp-content\/uploads\/2021\/08\/thumbnail_luxury_villas_kort-1024x522.png\" \/>\n<meta name=\"twitter:card\" content=\"summary_large_image\" \/>\n<meta name=\"twitter:label1\" content=\"Est. reading time\" \/>\n\t<meta name=\"twitter:data1\" content=\"1 minute\" \/>\n<script type=\"application\/ld+json\" class=\"yoast-schema-graph\">{\"@context\":\"https:\/\/schema.org\",\"@graph\":[{\"@type\":\"WebPage\",\"@id\":\"https:\/\/westmanislandsluxury.is\/is\/gisting\/\",\"url\":\"https:\/\/westmanislandsluxury.is\/is\/gisting\/\",\"name\":\"Gisting \u00ed Vestmannaeyjum - Fullb\u00fain einb\u00fdlish\u00fas og \u00edb\u00fa\u00f0ir \u00e1 besta sta\u00f0\",\"isPartOf\":{\"@id\":\"https:\/\/westmanislandsluxury.is\/#website\"},\"primaryImageOfPage\":{\"@id\":\"https:\/\/westmanislandsluxury.is\/is\/gisting\/#primaryimage\"},\"image\":{\"@id\":\"https:\/\/westmanislandsluxury.is\/is\/gisting\/#primaryimage\"},\"thumbnailUrl\":\"https:\/\/westmanislandsluxury.is\/wp-content\/uploads\/2021\/08\/thumbnail_luxury_villas_kort-1024x522.png\",\"datePublished\":\"2022-05-30T22:43:57+00:00\",\"dateModified\":\"2022-06-03T10:00:23+00:00\",\"description\":\"\u00darvalsgisting \u00ed Vestmannaeyjum. Vi\u00f0 bj\u00f3\u00f0um upp\u00e1 fullb\u00fain einb\u00fdlish\u00fas me\u00f0 st\u00f3rbrotnu \u00fats\u00fdni r\u00e9tt vi\u00f0 golfv\u00f6llinn, einnig bj\u00f3\u00f0um vi\u00f0 upp \u00e1 gl\u00e6silegar \u00edb\u00fa\u00f0ir vi\u00f0 h\u00f6fnina.\",\"breadcrumb\":{\"@id\":\"https:\/\/westmanislandsluxury.is\/is\/gisting\/#breadcrumb\"},\"inLanguage\":\"is\",\"potentialAction\":[{\"@type\":\"ReadAction\",\"target\":[\"https:\/\/westmanislandsluxury.is\/is\/gisting\/\"]}]},{\"@type\":\"ImageObject\",\"inLanguage\":\"is\",\"@id\":\"https:\/\/westmanislandsluxury.is\/is\/gisting\/#primaryimage\",\"url\":\"https:\/\/westmanislandsluxury.is\/wp-content\/uploads\/2021\/08\/thumbnail_luxury_villas_kort-1024x522.png\",\"contentUrl\":\"https:\/\/westmanislandsluxury.is\/wp-content\/uploads\/2021\/08\/thumbnail_luxury_villas_kort-1024x522.png\"},{\"@type\":\"BreadcrumbList\",\"@id\":\"https:\/\/westmanislandsluxury.is\/is\/gisting\/#breadcrumb\",\"itemListElement\":[{\"@type\":\"ListItem\",\"position\":1,\"name\":\"Home\",\"item\":\"https:\/\/westmanislandsluxury.is\/is\/\"},{\"@type\":\"ListItem\",\"position\":2,\"name\":\"Gisting\"}]},{\"@type\":\"WebSite\",\"@id\":\"https:\/\/westmanislandsluxury.is\/#website\",\"url\":\"https:\/\/westmanislandsluxury.is\/\",\"name\":\"Westman Islands Villas &amp; Apartments\",\"description\":\"Ocean Villas and Pier Apartments\",\"publisher\":{\"@id\":\"https:\/\/westmanislandsluxury.is\/#organization\"},\"potentialAction\":[{\"@type\":\"SearchAction\",\"target\":{\"@type\":\"EntryPoint\",\"urlTemplate\":\"https:\/\/westmanislandsluxury.is\/?s={search_term_string}\"},\"query-input\":{\"@type\":\"PropertyValueSpecification\",\"valueRequired\":true,\"valueName\":\"search_term_string\"}}],\"inLanguage\":\"is\"},{\"@type\":\"Organization\",\"@id\":\"https:\/\/westmanislandsluxury.is\/#organization\",\"name\":\"Westman Islands Luxury Villas\",\"url\":\"https:\/\/westmanislandsluxury.is\/\",\"logo\":{\"@type\":\"ImageObject\",\"inLanguage\":\"is\",\"@id\":\"https:\/\/westmanislandsluxury.is\/#\/schema\/logo\/image\/\",\"url\":\"https:\/\/6f10b73ee8.nxcli.io\/wp-content\/uploads\/2021\/08\/thumbnail_westman_islands_lux.png\",\"contentUrl\":\"https:\/\/6f10b73ee8.nxcli.io\/wp-content\/uploads\/2021\/08\/thumbnail_westman_islands_lux.png\",\"width\":755,\"height\":755,\"caption\":\"Westman Islands Luxury Villas\"},\"image\":{\"@id\":\"https:\/\/westmanislandsluxury.is\/#\/schema\/logo\/image\/\"}}]}<\/script>\n<!-- \/ Yoast SEO plugin. -->","yoast_head_json":{"title":"Gisting \u00ed Vestmannaeyjum - Fullb\u00fain einb\u00fdlish\u00fas og \u00edb\u00fa\u00f0ir \u00e1 besta sta\u00f0","description":"\u00darvalsgisting \u00ed Vestmannaeyjum. Vi\u00f0 bj\u00f3\u00f0um upp\u00e1 fullb\u00fain einb\u00fdlish\u00fas me\u00f0 st\u00f3rbrotnu \u00fats\u00fdni r\u00e9tt vi\u00f0 golfv\u00f6llinn, einnig bj\u00f3\u00f0um vi\u00f0 upp \u00e1 gl\u00e6silegar \u00edb\u00fa\u00f0ir vi\u00f0 h\u00f6fnina.","robots":{"index":"index","follow":"follow","max-snippet":"max-snippet:-1","max-image-preview":"max-image-preview:large","max-video-preview":"max-video-preview:-1"},"canonical":"https:\/\/westmanislandsluxury.is\/is\/gisting\/","og_locale":"is_IS","og_type":"article","og_title":"Gisting \u00ed Vestmannaeyjum - Fullb\u00fain einb\u00fdlish\u00fas og \u00edb\u00fa\u00f0ir \u00e1 besta sta\u00f0","og_description":"\u00darvalsgisting \u00ed Vestmannaeyjum. Vi\u00f0 bj\u00f3\u00f0um upp\u00e1 fullb\u00fain einb\u00fdlish\u00fas me\u00f0 st\u00f3rbrotnu \u00fats\u00fdni r\u00e9tt vi\u00f0 golfv\u00f6llinn, einnig bj\u00f3\u00f0um vi\u00f0 upp \u00e1 gl\u00e6silegar \u00edb\u00fa\u00f0ir vi\u00f0 h\u00f6fnina.","og_url":"https:\/\/westmanislandsluxury.is\/is\/gisting\/","og_site_name":"Westman Islands Villas &amp; Apartments","article_modified_time":"2022-06-03T10:00:23+00:00","og_image":[{"url":"https:\/\/westmanislandsluxury.is\/wp-content\/uploads\/2021\/08\/thumbnail_luxury_villas_kort-1024x522.png","type":"","width":"","height":""}],"twitter_card":"summary_large_image","twitter_misc":{"Est. reading time":"1 minute"},"schema":{"@context":"https:\/\/schema.org","@graph":[{"@type":"WebPage","@id":"https:\/\/westmanislandsluxury.is\/is\/gisting\/","url":"https:\/\/westmanislandsluxury.is\/is\/gisting\/","name":"Gisting \u00ed Vestmannaeyjum - Fullb\u00fain einb\u00fdlish\u00fas og \u00edb\u00fa\u00f0ir \u00e1 besta sta\u00f0","isPartOf":{"@id":"https:\/\/westmanislandsluxury.is\/#website"},"primaryImageOfPage":{"@id":"https:\/\/westmanislandsluxury.is\/is\/gisting\/#primaryimage"},"image":{"@id":"https:\/\/westmanislandsluxury.is\/is\/gisting\/#primaryimage"},"thumbnailUrl":"https:\/\/westmanislandsluxury.is\/wp-content\/uploads\/2021\/08\/thumbnail_luxury_villas_kort-1024x522.png","datePublished":"2022-05-30T22:43:57+00:00","dateModified":"2022-06-03T10:00:23+00:00","description":"\u00darvalsgisting \u00ed Vestmannaeyjum. Vi\u00f0 bj\u00f3\u00f0um upp\u00e1 fullb\u00fain einb\u00fdlish\u00fas me\u00f0 st\u00f3rbrotnu \u00fats\u00fdni r\u00e9tt vi\u00f0 golfv\u00f6llinn, einnig bj\u00f3\u00f0um vi\u00f0 upp \u00e1 gl\u00e6silegar \u00edb\u00fa\u00f0ir vi\u00f0 h\u00f6fnina.","breadcrumb":{"@id":"https:\/\/westmanislandsluxury.is\/is\/gisting\/#breadcrumb"},"inLanguage":"is","potentialAction":[{"@type":"ReadAction","target":["https:\/\/westmanislandsluxury.is\/is\/gisting\/"]}]},{"@type":"ImageObject","inLanguage":"is","@id":"https:\/\/westmanislandsluxury.is\/is\/gisting\/#primaryimage","url":"https:\/\/westmanislandsluxury.is\/wp-content\/uploads\/2021\/08\/thumbnail_luxury_villas_kort-1024x522.png","contentUrl":"https:\/\/westmanislandsluxury.is\/wp-content\/uploads\/2021\/08\/thumbnail_luxury_villas_kort-1024x522.png"},{"@type":"BreadcrumbList","@id":"https:\/\/westmanislandsluxury.is\/is\/gisting\/#breadcrumb","itemListElement":[{"@type":"ListItem","position":1,"name":"Home","item":"https:\/\/westmanislandsluxury.is\/is\/"},{"@type":"ListItem","position":2,"name":"Gisting"}]},{"@type":"WebSite","@id":"https:\/\/westmanislandsluxury.is\/#website","url":"https:\/\/westmanislandsluxury.is\/","name":"Westman Islands Villas &amp; Apartments","description":"Ocean Villas and Pier Apartments","publisher":{"@id":"https:\/\/westmanislandsluxury.is\/#organization"},"potentialAction":[{"@type":"SearchAction","target":{"@type":"EntryPoint","urlTemplate":"https:\/\/westmanislandsluxury.is\/?s={search_term_string}"},"query-input":{"@type":"PropertyValueSpecification","valueRequired":true,"valueName":"search_term_string"}}],"inLanguage":"is"},{"@type":"Organization","@id":"https:\/\/westmanislandsluxury.is\/#organization","name":"Westman Islands Luxury Villas","url":"https:\/\/westmanislandsluxury.is\/","logo":{"@type":"ImageObject","inLanguage":"is","@id":"https:\/\/westmanislandsluxury.is\/#\/schema\/logo\/image\/","url":"https:\/\/6f10b73ee8.nxcli.io\/wp-content\/uploads\/2021\/08\/thumbnail_westman_islands_lux.png","contentUrl":"https:\/\/6f10b73ee8.nxcli.io\/wp-content\/uploads\/2021\/08\/thumbnail_westman_islands_lux.png","width":755,"height":755,"caption":"Westman Islands Luxury Villas"},"image":{"@id":"https:\/\/westmanislandsluxury.is\/#\/schema\/logo\/image\/"}}]}},"_links":{"self":[{"href":"https:\/\/westmanislandsluxury.is\/is\/wp-json\/wp\/v2\/pages\/1374","targetHints":{"allow":["GET"]}}],"collection":[{"href":"https:\/\/westmanislandsluxury.is\/is\/wp-json\/wp\/v2\/pages"}],"about":[{"href":"https:\/\/westmanislandsluxury.is\/is\/wp-json\/wp\/v2\/types\/page"}],"author":[{"embeddable":true,"href":"https:\/\/westmanislandsluxury.is\/is\/wp-json\/wp\/v2\/users\/5"}],"replies":[{"embeddable":true,"href":"https:\/\/westmanislandsluxury.is\/is\/wp-json\/wp\/v2\/comments?post=1374"}],"version-history":[{"count":5,"href":"https:\/\/westmanislandsluxury.is\/is\/wp-json\/wp\/v2\/pages\/1374\/revisions"}],"predecessor-version":[{"id":1480,"href":"https:\/\/westmanislandsluxury.is\/is\/wp-json\/wp\/v2\/pages\/1374\/revisions\/1480"}],"wp:attachment":[{"href":"https:\/\/westmanislandsluxury.is\/is\/wp-json\/wp\/v2\/media?parent=1374"}],"curies":[{"name":"wp","href":"https:\/\/api.w.org\/{rel}","templated":true}]}}