{"id":612,"date":"2021-08-20T07:12:14","date_gmt":"2021-08-20T07:12:14","guid":{"rendered":"https:\/\/6f10b73ee8.nxcli.io\/hvernig-kemst-eg-til-vestmannaeyja\/"},"modified":"2022-05-30T22:48:26","modified_gmt":"2022-05-30T22:48:26","slug":"hvernig-kemst-eg-til-vestmannaeyja","status":"publish","type":"page","link":"https:\/\/westmanislandsluxury.is\/is\/hvernig-kemst-eg-til-vestmannaeyja\/","title":{"rendered":"Hvernig kemst \u00e9g til Vestmannaeyja?"},"content":{"rendered":"\t\t<div data-elementor-type=\"wp-page\" data-elementor-id=\"612\" class=\"elementor elementor-612 elementor-290\" data-elementor-post-type=\"page\">\n\t\t\t\t\t\t<section class=\"elementor-section elementor-top-section elementor-element elementor-element-7fa41520 elementor-section-height-min-height elementor-section-boxed elementor-section-height-default elementor-section-items-middle\" data-id=\"7fa41520\" data-element_type=\"section\" data-settings=\"{&quot;background_background&quot;:&quot;classic&quot;}\">\n\t\t\t\t\t\t<div class=\"elementor-container elementor-column-gap-default\">\n\t\t\t\t\t<div class=\"elementor-column elementor-col-100 elementor-top-column elementor-element elementor-element-2a3fc6df animated-slow elementor-invisible\" data-id=\"2a3fc6df\" data-element_type=\"column\" data-settings=\"{&quot;animation&quot;:&quot;zoomIn&quot;,&quot;animation_delay&quot;:2000}\">\n\t\t\t<div class=\"elementor-widget-wrap elementor-element-populated\">\n\t\t\t\t\t\t\t<\/div>\n\t\t<\/div>\n\t\t\t\t\t<\/div>\n\t\t<\/section>\n\t\t\t\t<section class=\"elementor-section elementor-top-section elementor-element elementor-element-4668d958 elementor-section-boxed elementor-section-height-default elementor-section-height-default\" data-id=\"4668d958\" data-element_type=\"section\">\n\t\t\t\t\t\t<div class=\"elementor-container elementor-column-gap-default\">\n\t\t\t\t\t<div class=\"elementor-column elementor-col-100 elementor-top-column elementor-element elementor-element-4613baed\" data-id=\"4613baed\" data-element_type=\"column\">\n\t\t\t<div class=\"elementor-widget-wrap elementor-element-populated\">\n\t\t\t\t\t\t<section class=\"elementor-section elementor-inner-section elementor-element elementor-element-42f2616c elementor-section-height-min-height elementor-section-boxed elementor-section-height-default\" data-id=\"42f2616c\" data-element_type=\"section\">\n\t\t\t\t\t\t<div class=\"elementor-container elementor-column-gap-default\">\n\t\t\t\t\t<div class=\"elementor-column elementor-col-100 elementor-inner-column elementor-element elementor-element-55992ddf\" data-id=\"55992ddf\" data-element_type=\"column\" data-settings=\"{&quot;background_background&quot;:&quot;classic&quot;}\">\n\t\t\t<div class=\"elementor-widget-wrap elementor-element-populated\">\n\t\t\t\t\t\t<div class=\"elementor-element elementor-element-45c575b6 elementor-widget elementor-widget-text-editor\" data-id=\"45c575b6\" data-element_type=\"widget\" data-widget_type=\"text-editor.default\">\n\t\t\t\t<div class=\"elementor-widget-container\">\n\t\t\t\t\t\t\t<p><span lang=\"IS\">Herj\u00f3lfur siglir allt \u00e1ri\u00f0 um kring milli lands og eyja. Herj\u00f3lfur siglir \u00e1 milli Vestmannaeyja og Landeyjahafnar, en \u00ed einstaka tilfellum siglir ferjan milli Vestmannaeyja og \u00deorl\u00e1kshafnar. Siglingin fr\u00e1 Landeyjum tekur um 35 m\u00edn\u00fatur. Keyrslan milli Reykjav\u00edkur og Landeyjahafnar eru t\u00e6plega 2 t\u00edmar. Siglingin fr\u00e1 \u00deorl\u00e1ksh\u00f6fn er 2 t\u00edmar og 45 m\u00edn\u00fatur og keyrslan milli \u00deorl\u00e1kshafnar og Reykjav\u00edkur eru um 45 m\u00edn\u00fatur.<\/span><\/p>\n<p><a href=\"http:\/\/herjolfur.is\" target=\"_blank\" rel=\"noopener\">H\u00e9r m\u00e1 sj\u00e1 n\u00e1nari uppl\u00fdsingar um ferjuna.<\/a><\/p>\n<p><\/p>\n<p><span lang=\"IS\">\u00deegar \u00fe\u00fa hefur komi\u00f0 til Vestmannaeyja er allt \u00ed g\u00f6nguf\u00e6ri en einnig er h\u00e6gt a\u00f0 hafa samband vi\u00f0 leigub\u00edl. S\u00edman\u00fameri\u00f0 hj\u00e1 Eyjataxa er <a href=\"tel:+3546982038\">698-2038.<\/a><\/span><\/p>\t\t\t\t\t\t<\/div>\n\t\t\t\t<\/div>\n\t\t\t\t<div class=\"elementor-element elementor-element-5b83a72 elementor-widget elementor-widget-image\" data-id=\"5b83a72\" data-element_type=\"widget\" data-widget_type=\"image.default\">\n\t\t\t\t<div class=\"elementor-widget-container\">\n\t\t\t\t\t\t\t\t\t\t\t\t\t<img fetchpriority=\"high\" decoding=\"async\" width=\"800\" height=\"408\" src=\"https:\/\/westmanislandsluxury.is\/wp-content\/uploads\/2021\/08\/thumbnail_luxury_villas_kort-1024x522.png\" class=\"attachment-large size-large wp-image-548\" alt=\"\" srcset=\"https:\/\/westmanislandsluxury.is\/wp-content\/uploads\/2021\/08\/thumbnail_luxury_villas_kort-1024x522.png 1024w, https:\/\/westmanislandsluxury.is\/wp-content\/uploads\/2021\/08\/thumbnail_luxury_villas_kort-300x153.png 300w, https:\/\/westmanislandsluxury.is\/wp-content\/uploads\/2021\/08\/thumbnail_luxury_villas_kort-768x391.png 768w, https:\/\/westmanislandsluxury.is\/wp-content\/uploads\/2021\/08\/thumbnail_luxury_villas_kort.png 1280w\" sizes=\"(max-width: 800px) 100vw, 800px\" \/>\t\t\t\t\t\t\t\t\t\t\t\t\t<\/div>\n\t\t\t\t<\/div>\n\t\t\t\t\t<\/div>\n\t\t<\/div>\n\t\t\t\t\t<\/div>\n\t\t<\/section>\n\t\t\t\t\t<\/div>\n\t\t<\/div>\n\t\t\t\t\t<\/div>\n\t\t<\/section>\n\t\t\t\t<section class=\"elementor-section elementor-top-section elementor-element elementor-element-5951add elementor-section-boxed elementor-section-height-default elementor-section-height-default\" data-id=\"5951add\" data-element_type=\"section\">\n\t\t\t\t\t\t<div class=\"elementor-container elementor-column-gap-default\">\n\t\t\t\t\t<div class=\"elementor-column elementor-col-100 elementor-top-column elementor-element elementor-element-3979f79\" data-id=\"3979f79\" data-element_type=\"column\">\n\t\t\t<div class=\"elementor-widget-wrap elementor-element-populated\">\n\t\t\t\t\t\t<div class=\"elementor-element elementor-element-968526d elementor-widget elementor-widget-text-editor\" data-id=\"968526d\" data-element_type=\"widget\" data-widget_type=\"text-editor.default\">\n\t\t\t\t<div class=\"elementor-widget-container\">\n\t\t\t\t\t\t\t<p>Westman Islands Villas &amp; Apartments b\u00fd\u00f0ur upp \u00e1 <a href=\"https:\/\/westmanislandsluxury.is\/is\/gisting\/\">\u00farvalsgistingu \u00ed Vestmanneyjum.<\/a><\/p>\t\t\t\t\t\t<\/div>\n\t\t\t\t<\/div>\n\t\t\t\t\t<\/div>\n\t\t<\/div>\n\t\t\t\t\t<\/div>\n\t\t<\/section>\n\t\t\t\t<\/div>\n\t\t","protected":false},"excerpt":{"rendered":"<p>Herj\u00f3lfur siglir allt \u00e1ri\u00f0 um kring milli lands og eyja. Herj\u00f3lfur siglir \u00e1 milli Vestmannaeyja og Landeyjahafnar, en \u00ed einstaka tilfellum siglir ferjan milli Vestmannaeyja og \u00deorl\u00e1kshafnar. Siglingin fr\u00e1 Landeyjum tekur um 35 m\u00edn\u00fatur. Keyrslan milli Reykjav\u00edkur og Landeyjahafnar eru t\u00e6plega 2 t\u00edmar. Siglingin fr\u00e1 \u00deorl\u00e1ksh\u00f6fn er 2 t\u00edmar og 45 m\u00edn\u00fatur og keyrslan milli [&hellip;]<\/p>\n","protected":false},"author":1,"featured_media":0,"parent":0,"menu_order":0,"comment_status":"closed","ping_status":"closed","template":"","meta":{"footnotes":""},"class_list":["post-612","page","type-page","status-publish","hentry"],"yoast_head":"<!-- This site is optimized with the Yoast SEO plugin v24.3 - https:\/\/yoast.com\/wordpress\/plugins\/seo\/ -->\n<title>Hvernig kemst \u00e9g til Vestmannaeyja? - Westman Islands Villas &amp; Apartments<\/title>\n<meta name=\"robots\" content=\"index, follow, max-snippet:-1, max-image-preview:large, max-video-preview:-1\" \/>\n<link rel=\"canonical\" href=\"https:\/\/westmanislandsluxury.is\/how-to-get-here\/\" \/>\n<meta property=\"og:locale\" content=\"is_IS\" \/>\n<meta property=\"og:type\" content=\"article\" \/>\n<meta property=\"og:title\" content=\"Hvernig kemst \u00e9g til Vestmannaeyja? - Westman Islands Villas &amp; Apartments\" \/>\n<meta property=\"og:description\" content=\"Herj\u00f3lfur siglir allt \u00e1ri\u00f0 um kring milli lands og eyja. Herj\u00f3lfur siglir \u00e1 milli Vestmannaeyja og Landeyjahafnar, en \u00ed einstaka tilfellum siglir ferjan milli Vestmannaeyja og \u00deorl\u00e1kshafnar. Siglingin fr\u00e1 Landeyjum tekur um 35 m\u00edn\u00fatur. Keyrslan milli Reykjav\u00edkur og Landeyjahafnar eru t\u00e6plega 2 t\u00edmar. Siglingin fr\u00e1 \u00deorl\u00e1ksh\u00f6fn er 2 t\u00edmar og 45 m\u00edn\u00fatur og keyrslan milli [&hellip;]\" \/>\n<meta property=\"og:url\" content=\"https:\/\/westmanislandsluxury.is\/how-to-get-here\/\" \/>\n<meta property=\"og:site_name\" content=\"Westman Islands Villas &amp; Apartments\" \/>\n<meta property=\"article:modified_time\" content=\"2022-05-30T22:48:26+00:00\" \/>\n<meta property=\"og:image\" content=\"https:\/\/westmanislandsluxury.is\/wp-content\/uploads\/2021\/08\/thumbnail_luxury_villas_kort-1024x522.png\" \/>\n<meta name=\"twitter:card\" content=\"summary_large_image\" \/>\n<meta name=\"twitter:label1\" content=\"Est. reading time\" \/>\n\t<meta name=\"twitter:data1\" content=\"1 minute\" \/>\n<script type=\"application\/ld+json\" class=\"yoast-schema-graph\">{\"@context\":\"https:\/\/schema.org\",\"@graph\":[{\"@type\":\"WebPage\",\"@id\":\"https:\/\/westmanislandsluxury.is\/how-to-get-here\/\",\"url\":\"https:\/\/westmanislandsluxury.is\/how-to-get-here\/\",\"name\":\"Hvernig kemst \u00e9g til Vestmannaeyja? - Westman Islands Villas &amp; Apartments\",\"isPartOf\":{\"@id\":\"https:\/\/westmanislandsluxury.is\/#website\"},\"primaryImageOfPage\":{\"@id\":\"https:\/\/westmanislandsluxury.is\/how-to-get-here\/#primaryimage\"},\"image\":{\"@id\":\"https:\/\/westmanislandsluxury.is\/how-to-get-here\/#primaryimage\"},\"thumbnailUrl\":\"https:\/\/westmanislandsluxury.is\/wp-content\/uploads\/2021\/08\/thumbnail_luxury_villas_kort-1024x522.png\",\"datePublished\":\"2021-08-20T07:12:14+00:00\",\"dateModified\":\"2022-05-30T22:48:26+00:00\",\"breadcrumb\":{\"@id\":\"https:\/\/westmanislandsluxury.is\/how-to-get-here\/#breadcrumb\"},\"inLanguage\":\"is\",\"potentialAction\":[{\"@type\":\"ReadAction\",\"target\":[\"https:\/\/westmanislandsluxury.is\/how-to-get-here\/\"]}]},{\"@type\":\"ImageObject\",\"inLanguage\":\"is\",\"@id\":\"https:\/\/westmanislandsluxury.is\/how-to-get-here\/#primaryimage\",\"url\":\"https:\/\/westmanislandsluxury.is\/wp-content\/uploads\/2021\/08\/thumbnail_luxury_villas_kort-1024x522.png\",\"contentUrl\":\"https:\/\/westmanislandsluxury.is\/wp-content\/uploads\/2021\/08\/thumbnail_luxury_villas_kort-1024x522.png\"},{\"@type\":\"BreadcrumbList\",\"@id\":\"https:\/\/westmanislandsluxury.is\/how-to-get-here\/#breadcrumb\",\"itemListElement\":[{\"@type\":\"ListItem\",\"position\":1,\"name\":\"Home\",\"item\":\"https:\/\/westmanislandsluxury.is\/is\/\"},{\"@type\":\"ListItem\",\"position\":2,\"name\":\"Hvernig kemst \u00e9g til Vestmannaeyja?\"}]},{\"@type\":\"WebSite\",\"@id\":\"https:\/\/westmanislandsluxury.is\/#website\",\"url\":\"https:\/\/westmanislandsluxury.is\/\",\"name\":\"Westman Islands Villas &amp; Apartments\",\"description\":\"Ocean Villas and Pier Apartments\",\"publisher\":{\"@id\":\"https:\/\/westmanislandsluxury.is\/#organization\"},\"potentialAction\":[{\"@type\":\"SearchAction\",\"target\":{\"@type\":\"EntryPoint\",\"urlTemplate\":\"https:\/\/westmanislandsluxury.is\/?s={search_term_string}\"},\"query-input\":{\"@type\":\"PropertyValueSpecification\",\"valueRequired\":true,\"valueName\":\"search_term_string\"}}],\"inLanguage\":\"is\"},{\"@type\":\"Organization\",\"@id\":\"https:\/\/westmanislandsluxury.is\/#organization\",\"name\":\"Westman Islands Luxury Villas\",\"url\":\"https:\/\/westmanislandsluxury.is\/\",\"logo\":{\"@type\":\"ImageObject\",\"inLanguage\":\"is\",\"@id\":\"https:\/\/westmanislandsluxury.is\/#\/schema\/logo\/image\/\",\"url\":\"https:\/\/6f10b73ee8.nxcli.io\/wp-content\/uploads\/2021\/08\/thumbnail_westman_islands_lux.png\",\"contentUrl\":\"https:\/\/6f10b73ee8.nxcli.io\/wp-content\/uploads\/2021\/08\/thumbnail_westman_islands_lux.png\",\"width\":755,\"height\":755,\"caption\":\"Westman Islands Luxury Villas\"},\"image\":{\"@id\":\"https:\/\/westmanislandsluxury.is\/#\/schema\/logo\/image\/\"}}]}<\/script>\n<!-- \/ Yoast SEO plugin. -->","yoast_head_json":{"title":"Hvernig kemst \u00e9g til Vestmannaeyja? - Westman Islands Villas &amp; Apartments","robots":{"index":"index","follow":"follow","max-snippet":"max-snippet:-1","max-image-preview":"max-image-preview:large","max-video-preview":"max-video-preview:-1"},"canonical":"https:\/\/westmanislandsluxury.is\/how-to-get-here\/","og_locale":"is_IS","og_type":"article","og_title":"Hvernig kemst \u00e9g til Vestmannaeyja? - Westman Islands Villas &amp; Apartments","og_description":"Herj\u00f3lfur siglir allt \u00e1ri\u00f0 um kring milli lands og eyja. Herj\u00f3lfur siglir \u00e1 milli Vestmannaeyja og Landeyjahafnar, en \u00ed einstaka tilfellum siglir ferjan milli Vestmannaeyja og \u00deorl\u00e1kshafnar. Siglingin fr\u00e1 Landeyjum tekur um 35 m\u00edn\u00fatur. Keyrslan milli Reykjav\u00edkur og Landeyjahafnar eru t\u00e6plega 2 t\u00edmar. Siglingin fr\u00e1 \u00deorl\u00e1ksh\u00f6fn er 2 t\u00edmar og 45 m\u00edn\u00fatur og keyrslan milli [&hellip;]","og_url":"https:\/\/westmanislandsluxury.is\/how-to-get-here\/","og_site_name":"Westman Islands Villas &amp; Apartments","article_modified_time":"2022-05-30T22:48:26+00:00","og_image":[{"url":"https:\/\/westmanislandsluxury.is\/wp-content\/uploads\/2021\/08\/thumbnail_luxury_villas_kort-1024x522.png","type":"","width":"","height":""}],"twitter_card":"summary_large_image","twitter_misc":{"Est. reading time":"1 minute"},"schema":{"@context":"https:\/\/schema.org","@graph":[{"@type":"WebPage","@id":"https:\/\/westmanislandsluxury.is\/how-to-get-here\/","url":"https:\/\/westmanislandsluxury.is\/how-to-get-here\/","name":"Hvernig kemst \u00e9g til Vestmannaeyja? - Westman Islands Villas &amp; Apartments","isPartOf":{"@id":"https:\/\/westmanislandsluxury.is\/#website"},"primaryImageOfPage":{"@id":"https:\/\/westmanislandsluxury.is\/how-to-get-here\/#primaryimage"},"image":{"@id":"https:\/\/westmanislandsluxury.is\/how-to-get-here\/#primaryimage"},"thumbnailUrl":"https:\/\/westmanislandsluxury.is\/wp-content\/uploads\/2021\/08\/thumbnail_luxury_villas_kort-1024x522.png","datePublished":"2021-08-20T07:12:14+00:00","dateModified":"2022-05-30T22:48:26+00:00","breadcrumb":{"@id":"https:\/\/westmanislandsluxury.is\/how-to-get-here\/#breadcrumb"},"inLanguage":"is","potentialAction":[{"@type":"ReadAction","target":["https:\/\/westmanislandsluxury.is\/how-to-get-here\/"]}]},{"@type":"ImageObject","inLanguage":"is","@id":"https:\/\/westmanislandsluxury.is\/how-to-get-here\/#primaryimage","url":"https:\/\/westmanislandsluxury.is\/wp-content\/uploads\/2021\/08\/thumbnail_luxury_villas_kort-1024x522.png","contentUrl":"https:\/\/westmanislandsluxury.is\/wp-content\/uploads\/2021\/08\/thumbnail_luxury_villas_kort-1024x522.png"},{"@type":"BreadcrumbList","@id":"https:\/\/westmanislandsluxury.is\/how-to-get-here\/#breadcrumb","itemListElement":[{"@type":"ListItem","position":1,"name":"Home","item":"https:\/\/westmanislandsluxury.is\/is\/"},{"@type":"ListItem","position":2,"name":"Hvernig kemst \u00e9g til Vestmannaeyja?"}]},{"@type":"WebSite","@id":"https:\/\/westmanislandsluxury.is\/#website","url":"https:\/\/westmanislandsluxury.is\/","name":"Westman Islands Villas &amp; Apartments","description":"Ocean Villas and Pier Apartments","publisher":{"@id":"https:\/\/westmanislandsluxury.is\/#organization"},"potentialAction":[{"@type":"SearchAction","target":{"@type":"EntryPoint","urlTemplate":"https:\/\/westmanislandsluxury.is\/?s={search_term_string}"},"query-input":{"@type":"PropertyValueSpecification","valueRequired":true,"valueName":"search_term_string"}}],"inLanguage":"is"},{"@type":"Organization","@id":"https:\/\/westmanislandsluxury.is\/#organization","name":"Westman Islands Luxury Villas","url":"https:\/\/westmanislandsluxury.is\/","logo":{"@type":"ImageObject","inLanguage":"is","@id":"https:\/\/westmanislandsluxury.is\/#\/schema\/logo\/image\/","url":"https:\/\/6f10b73ee8.nxcli.io\/wp-content\/uploads\/2021\/08\/thumbnail_westman_islands_lux.png","contentUrl":"https:\/\/6f10b73ee8.nxcli.io\/wp-content\/uploads\/2021\/08\/thumbnail_westman_islands_lux.png","width":755,"height":755,"caption":"Westman Islands Luxury Villas"},"image":{"@id":"https:\/\/westmanislandsluxury.is\/#\/schema\/logo\/image\/"}}]}},"_links":{"self":[{"href":"https:\/\/westmanislandsluxury.is\/is\/wp-json\/wp\/v2\/pages\/612","targetHints":{"allow":["GET"]}}],"collection":[{"href":"https:\/\/westmanislandsluxury.is\/is\/wp-json\/wp\/v2\/pages"}],"about":[{"href":"https:\/\/westmanislandsluxury.is\/is\/wp-json\/wp\/v2\/types\/page"}],"author":[{"embeddable":true,"href":"https:\/\/westmanislandsluxury.is\/is\/wp-json\/wp\/v2\/users\/1"}],"replies":[{"embeddable":true,"href":"https:\/\/westmanislandsluxury.is\/is\/wp-json\/wp\/v2\/comments?post=612"}],"version-history":[{"count":5,"href":"https:\/\/westmanislandsluxury.is\/is\/wp-json\/wp\/v2\/pages\/612\/revisions"}],"predecessor-version":[{"id":1441,"href":"https:\/\/westmanislandsluxury.is\/is\/wp-json\/wp\/v2\/pages\/612\/revisions\/1441"}],"wp:attachment":[{"href":"https:\/\/westmanislandsluxury.is\/is\/wp-json\/wp\/v2\/media?parent=612"}],"curies":[{"name":"wp","href":"https:\/\/api.w.org\/{rel}","templated":true}]}}