{"id":614,"date":"2021-08-20T07:14:39","date_gmt":"2021-08-20T07:14:39","guid":{"rendered":"https:\/\/6f10b73ee8.nxcli.io\/hafdu-samaband\/"},"modified":"2023-11-02T14:22:43","modified_gmt":"2023-11-02T14:22:43","slug":"hafdu-samaband","status":"publish","type":"page","link":"https:\/\/westmanislandsluxury.is\/is\/hafdu-samaband\/","title":{"rendered":"Haf\u00f0u samband"},"content":{"rendered":"\t\t<div data-elementor-type=\"wp-page\" data-elementor-id=\"614\" class=\"elementor elementor-614 elementor-253\" data-elementor-post-type=\"page\">\n\t\t\t\t\t\t<section class=\"elementor-section elementor-top-section elementor-element elementor-element-7ac6d46a elementor-section-height-min-height elementor-section-boxed elementor-section-height-default elementor-section-items-middle\" data-id=\"7ac6d46a\" data-element_type=\"section\" data-settings=\"{&quot;background_background&quot;:&quot;classic&quot;}\">\n\t\t\t\t\t\t<div class=\"elementor-container elementor-column-gap-default\">\n\t\t\t\t\t<div class=\"elementor-column elementor-col-100 elementor-top-column elementor-element elementor-element-5925c9d9 animated-slow elementor-invisible\" data-id=\"5925c9d9\" data-element_type=\"column\" data-settings=\"{&quot;animation&quot;:&quot;zoomIn&quot;,&quot;animation_delay&quot;:2000}\">\n\t\t\t<div class=\"elementor-widget-wrap elementor-element-populated\">\n\t\t\t\t\t\t<div class=\"elementor-element elementor-element-910e346 elementor-widget elementor-widget-spacer\" data-id=\"910e346\" data-element_type=\"widget\" data-widget_type=\"spacer.default\">\n\t\t\t\t<div class=\"elementor-widget-container\">\n\t\t\t\t\t<div class=\"elementor-spacer\">\n\t\t\t<div class=\"elementor-spacer-inner\"><\/div>\n\t\t<\/div>\n\t\t\t\t<\/div>\n\t\t\t\t<\/div>\n\t\t\t\t\t<\/div>\n\t\t<\/div>\n\t\t\t\t\t<\/div>\n\t\t<\/section>\n\t\t\t\t<section class=\"elementor-section elementor-top-section elementor-element elementor-element-5d5542ec elementor-section-boxed elementor-section-height-default elementor-section-height-default\" data-id=\"5d5542ec\" data-element_type=\"section\">\n\t\t\t\t\t\t<div class=\"elementor-container elementor-column-gap-default\">\n\t\t\t\t\t<div class=\"elementor-column elementor-col-100 elementor-top-column elementor-element elementor-element-478ce7e2\" data-id=\"478ce7e2\" data-element_type=\"column\">\n\t\t\t<div class=\"elementor-widget-wrap elementor-element-populated\">\n\t\t\t\t\t\t<section class=\"elementor-section elementor-inner-section elementor-element elementor-element-1c22a52b elementor-section-boxed elementor-section-height-default elementor-section-height-default\" data-id=\"1c22a52b\" data-element_type=\"section\">\n\t\t\t\t\t\t<div class=\"elementor-container elementor-column-gap-default\">\n\t\t\t\t\t<div class=\"elementor-column elementor-col-100 elementor-inner-column elementor-element elementor-element-26f21ce0\" data-id=\"26f21ce0\" data-element_type=\"column\" data-settings=\"{&quot;background_background&quot;:&quot;classic&quot;}\">\n\t\t\t<div class=\"elementor-widget-wrap elementor-element-populated\">\n\t\t\t\t\t\t<div class=\"elementor-element elementor-element-4a1a2382 elementor-widget elementor-widget-text-editor\" data-id=\"4a1a2382\" data-element_type=\"widget\" data-widget_type=\"text-editor.default\">\n\t\t\t\t<div class=\"elementor-widget-container\">\n\t\t\t\t\t\t\t<p>Ef \u00fe\u00fa vilt b\u00f3ka e\u00f0a vantar frekari uppl\u00fdsingar ekki hika vi\u00f0 a\u00f0 hafa samband!<br \/><br \/>Sendur okkur t\u00f6lvup\u00f3st \u00e1 <a href=\"mailto:Booking@hotelvestmannaeyjar.is\" target=\"_blank\" rel=\"noopener\">booking@hotelvestmannaeyjar.is<\/a> e\u00f0a hringdu \u00ed s\u00edma <a href=\"tel:+3544812900\">481 2900<\/a><\/p>\t\t\t\t\t\t<\/div>\n\t\t\t\t<\/div>\n\t\t\t\t\t<\/div>\n\t\t<\/div>\n\t\t\t\t\t<\/div>\n\t\t<\/section>\n\t\t\t\t\t<\/div>\n\t\t<\/div>\n\t\t\t\t\t<\/div>\n\t\t<\/section>\n\t\t\t\t<\/div>\n\t\t","protected":false},"excerpt":{"rendered":"<p>Ef \u00fe\u00fa vilt b\u00f3ka e\u00f0a vantar frekari uppl\u00fdsingar ekki hika vi\u00f0 a\u00f0 hafa samband! Sendur okkur t\u00f6lvup\u00f3st \u00e1 booking@hotelvestmannaeyjar.is e\u00f0a hringdu \u00ed s\u00edma 481 2900<\/p>\n","protected":false},"author":1,"featured_media":0,"parent":0,"menu_order":0,"comment_status":"closed","ping_status":"closed","template":"","meta":{"footnotes":""},"class_list":["post-614","page","type-page","status-publish","hentry"],"yoast_head":"<!-- This site is optimized with the Yoast SEO plugin v24.3 - https:\/\/yoast.com\/wordpress\/plugins\/seo\/ -->\n<title>Haf\u00f0u samband - Westman Islands Villas &amp; Apartments<\/title>\n<meta name=\"robots\" content=\"index, follow, max-snippet:-1, max-image-preview:large, max-video-preview:-1\" \/>\n<link rel=\"canonical\" href=\"https:\/\/westmanislandsluxury.is\/is\/hafdu-samaband\/\" \/>\n<meta property=\"og:locale\" content=\"is_IS\" \/>\n<meta property=\"og:type\" content=\"article\" \/>\n<meta property=\"og:title\" content=\"Haf\u00f0u samband - Westman Islands Villas &amp; Apartments\" \/>\n<meta property=\"og:description\" content=\"Ef \u00fe\u00fa vilt b\u00f3ka e\u00f0a vantar frekari uppl\u00fdsingar ekki hika vi\u00f0 a\u00f0 hafa samband! Sendur okkur t\u00f6lvup\u00f3st \u00e1 booking@hotelvestmannaeyjar.is e\u00f0a hringdu \u00ed s\u00edma 481 2900\" \/>\n<meta property=\"og:url\" content=\"https:\/\/westmanislandsluxury.is\/is\/hafdu-samaband\/\" \/>\n<meta property=\"og:site_name\" content=\"Westman Islands Villas &amp; Apartments\" \/>\n<meta property=\"article:modified_time\" content=\"2023-11-02T14:22:43+00:00\" \/>\n<meta property=\"og:image\" content=\"https:\/\/westmanislandsluxury.is\/wp-content\/uploads\/2021\/08\/thumbnail_westman_islands_lux.png\" \/>\n\t<meta property=\"og:image:width\" content=\"755\" \/>\n\t<meta property=\"og:image:height\" content=\"755\" \/>\n\t<meta property=\"og:image:type\" content=\"image\/png\" \/>\n<meta name=\"twitter:card\" content=\"summary_large_image\" \/>\n<meta name=\"twitter:label1\" content=\"Est. reading time\" \/>\n\t<meta name=\"twitter:data1\" content=\"1 minute\" \/>\n<script type=\"application\/ld+json\" class=\"yoast-schema-graph\">{\"@context\":\"https:\/\/schema.org\",\"@graph\":[{\"@type\":\"WebPage\",\"@id\":\"https:\/\/westmanislandsluxury.is\/is\/hafdu-samaband\/\",\"url\":\"https:\/\/westmanislandsluxury.is\/is\/hafdu-samaband\/\",\"name\":\"Haf\u00f0u samband - Westman Islands Villas &amp; Apartments\",\"isPartOf\":{\"@id\":\"https:\/\/westmanislandsluxury.is\/#website\"},\"datePublished\":\"2021-08-20T07:14:39+00:00\",\"dateModified\":\"2023-11-02T14:22:43+00:00\",\"breadcrumb\":{\"@id\":\"https:\/\/westmanislandsluxury.is\/is\/hafdu-samaband\/#breadcrumb\"},\"inLanguage\":\"is\",\"potentialAction\":[{\"@type\":\"ReadAction\",\"target\":[\"https:\/\/westmanislandsluxury.is\/is\/hafdu-samaband\/\"]}]},{\"@type\":\"BreadcrumbList\",\"@id\":\"https:\/\/westmanislandsluxury.is\/is\/hafdu-samaband\/#breadcrumb\",\"itemListElement\":[{\"@type\":\"ListItem\",\"position\":1,\"name\":\"Home\",\"item\":\"https:\/\/westmanislandsluxury.is\/is\/\"},{\"@type\":\"ListItem\",\"position\":2,\"name\":\"Haf\u00f0u samband\"}]},{\"@type\":\"WebSite\",\"@id\":\"https:\/\/westmanislandsluxury.is\/#website\",\"url\":\"https:\/\/westmanislandsluxury.is\/\",\"name\":\"Westman Islands Villas &amp; Apartments\",\"description\":\"Ocean Villas and Pier Apartments\",\"publisher\":{\"@id\":\"https:\/\/westmanislandsluxury.is\/#organization\"},\"potentialAction\":[{\"@type\":\"SearchAction\",\"target\":{\"@type\":\"EntryPoint\",\"urlTemplate\":\"https:\/\/westmanislandsluxury.is\/?s={search_term_string}\"},\"query-input\":{\"@type\":\"PropertyValueSpecification\",\"valueRequired\":true,\"valueName\":\"search_term_string\"}}],\"inLanguage\":\"is\"},{\"@type\":\"Organization\",\"@id\":\"https:\/\/westmanislandsluxury.is\/#organization\",\"name\":\"Westman Islands Luxury Villas\",\"url\":\"https:\/\/westmanislandsluxury.is\/\",\"logo\":{\"@type\":\"ImageObject\",\"inLanguage\":\"is\",\"@id\":\"https:\/\/westmanislandsluxury.is\/#\/schema\/logo\/image\/\",\"url\":\"https:\/\/6f10b73ee8.nxcli.io\/wp-content\/uploads\/2021\/08\/thumbnail_westman_islands_lux.png\",\"contentUrl\":\"https:\/\/6f10b73ee8.nxcli.io\/wp-content\/uploads\/2021\/08\/thumbnail_westman_islands_lux.png\",\"width\":755,\"height\":755,\"caption\":\"Westman Islands Luxury Villas\"},\"image\":{\"@id\":\"https:\/\/westmanislandsluxury.is\/#\/schema\/logo\/image\/\"}}]}<\/script>\n<!-- \/ Yoast SEO plugin. -->","yoast_head_json":{"title":"Haf\u00f0u samband - Westman Islands Villas &amp; Apartments","robots":{"index":"index","follow":"follow","max-snippet":"max-snippet:-1","max-image-preview":"max-image-preview:large","max-video-preview":"max-video-preview:-1"},"canonical":"https:\/\/westmanislandsluxury.is\/is\/hafdu-samaband\/","og_locale":"is_IS","og_type":"article","og_title":"Haf\u00f0u samband - Westman Islands Villas &amp; Apartments","og_description":"Ef \u00fe\u00fa vilt b\u00f3ka e\u00f0a vantar frekari uppl\u00fdsingar ekki hika vi\u00f0 a\u00f0 hafa samband! Sendur okkur t\u00f6lvup\u00f3st \u00e1 booking@hotelvestmannaeyjar.is e\u00f0a hringdu \u00ed s\u00edma 481 2900","og_url":"https:\/\/westmanislandsluxury.is\/is\/hafdu-samaband\/","og_site_name":"Westman Islands Villas &amp; Apartments","article_modified_time":"2023-11-02T14:22:43+00:00","og_image":[{"width":755,"height":755,"url":"https:\/\/westmanislandsluxury.is\/wp-content\/uploads\/2021\/08\/thumbnail_westman_islands_lux.png","type":"image\/png"}],"twitter_card":"summary_large_image","twitter_misc":{"Est. reading time":"1 minute"},"schema":{"@context":"https:\/\/schema.org","@graph":[{"@type":"WebPage","@id":"https:\/\/westmanislandsluxury.is\/is\/hafdu-samaband\/","url":"https:\/\/westmanislandsluxury.is\/is\/hafdu-samaband\/","name":"Haf\u00f0u samband - Westman Islands Villas &amp; Apartments","isPartOf":{"@id":"https:\/\/westmanislandsluxury.is\/#website"},"datePublished":"2021-08-20T07:14:39+00:00","dateModified":"2023-11-02T14:22:43+00:00","breadcrumb":{"@id":"https:\/\/westmanislandsluxury.is\/is\/hafdu-samaband\/#breadcrumb"},"inLanguage":"is","potentialAction":[{"@type":"ReadAction","target":["https:\/\/westmanislandsluxury.is\/is\/hafdu-samaband\/"]}]},{"@type":"BreadcrumbList","@id":"https:\/\/westmanislandsluxury.is\/is\/hafdu-samaband\/#breadcrumb","itemListElement":[{"@type":"ListItem","position":1,"name":"Home","item":"https:\/\/westmanislandsluxury.is\/is\/"},{"@type":"ListItem","position":2,"name":"Haf\u00f0u samband"}]},{"@type":"WebSite","@id":"https:\/\/westmanislandsluxury.is\/#website","url":"https:\/\/westmanislandsluxury.is\/","name":"Westman Islands Villas &amp; Apartments","description":"Ocean Villas and Pier Apartments","publisher":{"@id":"https:\/\/westmanislandsluxury.is\/#organization"},"potentialAction":[{"@type":"SearchAction","target":{"@type":"EntryPoint","urlTemplate":"https:\/\/westmanislandsluxury.is\/?s={search_term_string}"},"query-input":{"@type":"PropertyValueSpecification","valueRequired":true,"valueName":"search_term_string"}}],"inLanguage":"is"},{"@type":"Organization","@id":"https:\/\/westmanislandsluxury.is\/#organization","name":"Westman Islands Luxury Villas","url":"https:\/\/westmanislandsluxury.is\/","logo":{"@type":"ImageObject","inLanguage":"is","@id":"https:\/\/westmanislandsluxury.is\/#\/schema\/logo\/image\/","url":"https:\/\/6f10b73ee8.nxcli.io\/wp-content\/uploads\/2021\/08\/thumbnail_westman_islands_lux.png","contentUrl":"https:\/\/6f10b73ee8.nxcli.io\/wp-content\/uploads\/2021\/08\/thumbnail_westman_islands_lux.png","width":755,"height":755,"caption":"Westman Islands Luxury Villas"},"image":{"@id":"https:\/\/westmanislandsluxury.is\/#\/schema\/logo\/image\/"}}]}},"_links":{"self":[{"href":"https:\/\/westmanislandsluxury.is\/is\/wp-json\/wp\/v2\/pages\/614","targetHints":{"allow":["GET"]}}],"collection":[{"href":"https:\/\/westmanislandsluxury.is\/is\/wp-json\/wp\/v2\/pages"}],"about":[{"href":"https:\/\/westmanislandsluxury.is\/is\/wp-json\/wp\/v2\/types\/page"}],"author":[{"embeddable":true,"href":"https:\/\/westmanislandsluxury.is\/is\/wp-json\/wp\/v2\/users\/1"}],"replies":[{"embeddable":true,"href":"https:\/\/westmanislandsluxury.is\/is\/wp-json\/wp\/v2\/comments?post=614"}],"version-history":[{"count":5,"href":"https:\/\/westmanislandsluxury.is\/is\/wp-json\/wp\/v2\/pages\/614\/revisions"}],"predecessor-version":[{"id":1610,"href":"https:\/\/westmanislandsluxury.is\/is\/wp-json\/wp\/v2\/pages\/614\/revisions\/1610"}],"wp:attachment":[{"href":"https:\/\/westmanislandsluxury.is\/is\/wp-json\/wp\/v2\/media?parent=614"}],"curies":[{"name":"wp","href":"https:\/\/api.w.org\/{rel}","templated":true}]}}