{"id":786,"date":"2021-09-02T09:39:02","date_gmt":"2021-09-02T09:39:02","guid":{"rendered":"https:\/\/6f10b73ee8.nxcli.io\/policy\/"},"modified":"2021-12-07T16:50:01","modified_gmt":"2021-12-07T16:50:01","slug":"policy","status":"publish","type":"page","link":"https:\/\/westmanislandsluxury.is\/is\/policy\/","title":{"rendered":"Policy"},"content":{"rendered":"\t\t<div data-elementor-type=\"wp-page\" data-elementor-id=\"786\" class=\"elementor elementor-786 elementor-778\" data-elementor-post-type=\"page\">\n\t\t\t\t\t\t<section class=\"elementor-section elementor-top-section elementor-element elementor-element-7b23e70 elementor-section-height-min-height elementor-section-boxed elementor-section-height-default elementor-section-items-middle\" data-id=\"7b23e70\" data-element_type=\"section\" data-settings=\"{&quot;background_background&quot;:&quot;classic&quot;}\">\n\t\t\t\t\t\t<div class=\"elementor-container elementor-column-gap-default\">\n\t\t\t\t\t<div class=\"elementor-column elementor-col-100 elementor-top-column elementor-element elementor-element-239f9470 animated-slow elementor-invisible\" data-id=\"239f9470\" data-element_type=\"column\" data-settings=\"{&quot;animation&quot;:&quot;zoomIn&quot;,&quot;animation_delay&quot;:2000}\">\n\t\t\t<div class=\"elementor-widget-wrap\">\n\t\t\t\t\t\t\t<\/div>\n\t\t<\/div>\n\t\t\t\t\t<\/div>\n\t\t<\/section>\n\t\t\t\t<section class=\"elementor-section elementor-top-section elementor-element elementor-element-548d4155 elementor-section-boxed elementor-section-height-default elementor-section-height-default\" data-id=\"548d4155\" data-element_type=\"section\">\n\t\t\t\t\t\t<div class=\"elementor-container elementor-column-gap-default\">\n\t\t\t\t\t<div class=\"elementor-column elementor-col-100 elementor-top-column elementor-element elementor-element-7f83facf\" data-id=\"7f83facf\" data-element_type=\"column\">\n\t\t\t<div class=\"elementor-widget-wrap elementor-element-populated\">\n\t\t\t\t\t\t<section class=\"elementor-section elementor-inner-section elementor-element elementor-element-1c6c635c elementor-section-height-min-height elementor-section-boxed elementor-section-height-default\" data-id=\"1c6c635c\" data-element_type=\"section\">\n\t\t\t\t\t\t<div class=\"elementor-container elementor-column-gap-default\">\n\t\t\t\t\t<div class=\"elementor-column elementor-col-100 elementor-inner-column elementor-element elementor-element-47ce0078\" data-id=\"47ce0078\" data-element_type=\"column\" data-settings=\"{&quot;background_background&quot;:&quot;classic&quot;}\">\n\t\t\t<div class=\"elementor-widget-wrap elementor-element-populated\">\n\t\t\t\t\t\t<div class=\"elementor-element elementor-element-21f6a710 elementor-widget elementor-widget-heading\" data-id=\"21f6a710\" data-element_type=\"widget\" data-widget_type=\"heading.default\">\n\t\t\t\t<div class=\"elementor-widget-container\">\n\t\t\t<h2 class=\"elementor-heading-title elementor-size-default\">Almennir skilm\u00e1lar<\/h2>\t\t<\/div>\n\t\t\t\t<\/div>\n\t\t\t\t<div class=\"elementor-element elementor-element-3bf2da5e elementor-widget elementor-widget-text-editor\" data-id=\"3bf2da5e\" data-element_type=\"widget\" data-widget_type=\"text-editor.default\">\n\t\t\t\t<div class=\"elementor-widget-container\">\n\t\t\t\t\t\t\t<p><span style=\"color: var( --e-global-color-a1d7c70 );\">Dagurinn byrjar klukkan 15.00 \u00e1 komudegi og endar klukkan 12.00 daginn eftir. Ef gestur skr\u00e1ir sig ekki \u00fat fyrir klukkan 12 getur gestur \u00feurft a\u00f0 grei\u00f0a auka dag<\/span><\/p><p>Fyrirt\u00e6ki\u00f0 hefur r\u00e9tt \u00e1 a\u00f0 taka grei\u00f0slu vegna gistingar fyrirfram af kreditkorti.<\/p><p>Ef gestur skemmir eitthva\u00f0, hefur fyrirt\u00e6ki\u00f0 r\u00e9tt \u00e1 \u00fev\u00ed a\u00f0 rukka gestinn um gjald.<\/p><p>Ef gestur m\u00e6tir ekki \u00e1 b\u00f3ku\u00f0um degi, \u00fer\u00e1tt fyrir a\u00f0 eiga enn\u00fe\u00e1 b\u00f3kun, hefur fyrirt\u00e6ki\u00f0 fullan r\u00e9tt \u00e1 a\u00f0 taka fullt gjald af gesti.<\/p><p>Fyrirt\u00e6ki\u00f0 vinnur eftir fyrirframsettum verkferlum. Ef gestur er ekki \u00e1n\u00e6g\u00f0ur me\u00f0 eitthva\u00f0 er hann be\u00f0inn a\u00f0 hafa samband vi\u00f0 m\u00f3tt\u00f6ku strax og tilkynna, svo fyrirt\u00e6ki\u00f0 geti brug\u00f0ist vi\u00f0 um lei\u00f0.<\/p>\t\t\t\t\t\t<\/div>\n\t\t\t\t<\/div>\n\t\t\t\t<div class=\"elementor-element elementor-element-ffdd514 elementor-widget elementor-widget-text-editor\" data-id=\"ffdd514\" data-element_type=\"widget\" data-widget_type=\"text-editor.default\">\n\t\t\t\t<div class=\"elementor-widget-container\">\n\t\t\t\t\t\t\t<p><b>Afb\u00f3kunarskilm\u00e1lar<\/b><\/p><p>Ef b\u00f3kun er afp\u00f6ntu\u00f0 5 e\u00f0a fleiri d\u00f6gum fyrir komudag er ekkert gjald teki\u00f0 fyrir b\u00f3kunina.<\/p><p>Ef b\u00f3kun er afb\u00f3ku\u00f0 5 e\u00f0a f\u00e6rri d\u00f6gum fyrir komudag, er fullt gjald teki\u00f0 fyrir b\u00f3kunina.<\/p><p>Ef gestur m\u00e6tir ekki, er fullt gjald teki\u00f0 fyrir b\u00f3kunina.<\/p><p>Afb\u00f3kunarskilm\u00e1lar g\u00e6tu \u00e1tt vi\u00f0 ef b\u00f3kun er breytt, 5 e\u00f0a f\u00e6rri d\u00f6gum fyrir komu.<\/p>\t\t\t\t\t\t<\/div>\n\t\t\t\t<\/div>\n\t\t\t\t\t<\/div>\n\t\t<\/div>\n\t\t\t\t\t<\/div>\n\t\t<\/section>\n\t\t\t\t\t<\/div>\n\t\t<\/div>\n\t\t\t\t\t<\/div>\n\t\t<\/section>\n\t\t\t\t<\/div>\n\t\t","protected":false},"excerpt":{"rendered":"<p>Almennir skilm\u00e1lar Dagurinn byrjar klukkan 15.00 \u00e1 komudegi og endar klukkan 12.00 daginn eftir. Ef gestur skr\u00e1ir sig ekki \u00fat fyrir klukkan 12 getur gestur \u00feurft a\u00f0 grei\u00f0a auka dag Fyrirt\u00e6ki\u00f0 hefur r\u00e9tt \u00e1 a\u00f0 taka grei\u00f0slu vegna gistingar fyrirfram af kreditkorti. Ef gestur skemmir eitthva\u00f0, hefur fyrirt\u00e6ki\u00f0 r\u00e9tt \u00e1 \u00fev\u00ed a\u00f0 rukka gestinn um [&hellip;]<\/p>\n","protected":false},"author":1,"featured_media":0,"parent":0,"menu_order":0,"comment_status":"closed","ping_status":"closed","template":"","meta":{"footnotes":""},"class_list":["post-786","page","type-page","status-publish","hentry"],"yoast_head":"<!-- This site is optimized with the Yoast SEO plugin v24.3 - https:\/\/yoast.com\/wordpress\/plugins\/seo\/ -->\n<title>Policy - Westman Islands Villas &amp; Apartments<\/title>\n<meta name=\"robots\" content=\"index, follow, max-snippet:-1, max-image-preview:large, max-video-preview:-1\" \/>\n<link rel=\"canonical\" href=\"https:\/\/westmanislandsluxury.is\/policy\/\" \/>\n<meta property=\"og:locale\" content=\"is_IS\" \/>\n<meta property=\"og:type\" content=\"article\" \/>\n<meta property=\"og:title\" content=\"Policy - Westman Islands Villas &amp; Apartments\" \/>\n<meta property=\"og:description\" content=\"Almennir skilm\u00e1lar Dagurinn byrjar klukkan 15.00 \u00e1 komudegi og endar klukkan 12.00 daginn eftir. Ef gestur skr\u00e1ir sig ekki \u00fat fyrir klukkan 12 getur gestur \u00feurft a\u00f0 grei\u00f0a auka dag Fyrirt\u00e6ki\u00f0 hefur r\u00e9tt \u00e1 a\u00f0 taka grei\u00f0slu vegna gistingar fyrirfram af kreditkorti. Ef gestur skemmir eitthva\u00f0, hefur fyrirt\u00e6ki\u00f0 r\u00e9tt \u00e1 \u00fev\u00ed a\u00f0 rukka gestinn um [&hellip;]\" \/>\n<meta property=\"og:url\" content=\"https:\/\/westmanislandsluxury.is\/policy\/\" \/>\n<meta property=\"og:site_name\" content=\"Westman Islands Villas &amp; Apartments\" \/>\n<meta property=\"article:modified_time\" content=\"2021-12-07T16:50:01+00:00\" \/>\n<meta property=\"og:image\" content=\"https:\/\/westmanislandsluxury.is\/wp-content\/uploads\/2021\/08\/thumbnail_westman_islands_lux.png\" \/>\n\t<meta property=\"og:image:width\" content=\"755\" \/>\n\t<meta property=\"og:image:height\" content=\"755\" \/>\n\t<meta property=\"og:image:type\" content=\"image\/png\" \/>\n<meta name=\"twitter:card\" content=\"summary_large_image\" \/>\n<meta name=\"twitter:label1\" content=\"Est. reading time\" \/>\n\t<meta name=\"twitter:data1\" content=\"1 minute\" \/>\n<script type=\"application\/ld+json\" class=\"yoast-schema-graph\">{\"@context\":\"https:\/\/schema.org\",\"@graph\":[{\"@type\":\"WebPage\",\"@id\":\"https:\/\/westmanislandsluxury.is\/policy\/\",\"url\":\"https:\/\/westmanislandsluxury.is\/policy\/\",\"name\":\"Policy - Westman Islands Villas &amp; Apartments\",\"isPartOf\":{\"@id\":\"https:\/\/westmanislandsluxury.is\/#website\"},\"datePublished\":\"2021-09-02T09:39:02+00:00\",\"dateModified\":\"2021-12-07T16:50:01+00:00\",\"breadcrumb\":{\"@id\":\"https:\/\/westmanislandsluxury.is\/policy\/#breadcrumb\"},\"inLanguage\":\"is\",\"potentialAction\":[{\"@type\":\"ReadAction\",\"target\":[\"https:\/\/westmanislandsluxury.is\/policy\/\"]}]},{\"@type\":\"BreadcrumbList\",\"@id\":\"https:\/\/westmanislandsluxury.is\/policy\/#breadcrumb\",\"itemListElement\":[{\"@type\":\"ListItem\",\"position\":1,\"name\":\"Home\",\"item\":\"https:\/\/westmanislandsluxury.is\/is\/\"},{\"@type\":\"ListItem\",\"position\":2,\"name\":\"Policy\"}]},{\"@type\":\"WebSite\",\"@id\":\"https:\/\/westmanislandsluxury.is\/#website\",\"url\":\"https:\/\/westmanislandsluxury.is\/\",\"name\":\"Westman Islands Villas &amp; Apartments\",\"description\":\"Ocean Villas and Pier Apartments\",\"publisher\":{\"@id\":\"https:\/\/westmanislandsluxury.is\/#organization\"},\"potentialAction\":[{\"@type\":\"SearchAction\",\"target\":{\"@type\":\"EntryPoint\",\"urlTemplate\":\"https:\/\/westmanislandsluxury.is\/?s={search_term_string}\"},\"query-input\":{\"@type\":\"PropertyValueSpecification\",\"valueRequired\":true,\"valueName\":\"search_term_string\"}}],\"inLanguage\":\"is\"},{\"@type\":\"Organization\",\"@id\":\"https:\/\/westmanislandsluxury.is\/#organization\",\"name\":\"Westman Islands Luxury Villas\",\"url\":\"https:\/\/westmanislandsluxury.is\/\",\"logo\":{\"@type\":\"ImageObject\",\"inLanguage\":\"is\",\"@id\":\"https:\/\/westmanislandsluxury.is\/#\/schema\/logo\/image\/\",\"url\":\"https:\/\/6f10b73ee8.nxcli.io\/wp-content\/uploads\/2021\/08\/thumbnail_westman_islands_lux.png\",\"contentUrl\":\"https:\/\/6f10b73ee8.nxcli.io\/wp-content\/uploads\/2021\/08\/thumbnail_westman_islands_lux.png\",\"width\":755,\"height\":755,\"caption\":\"Westman Islands Luxury Villas\"},\"image\":{\"@id\":\"https:\/\/westmanislandsluxury.is\/#\/schema\/logo\/image\/\"}}]}<\/script>\n<!-- \/ Yoast SEO plugin. -->","yoast_head_json":{"title":"Policy - Westman Islands Villas &amp; Apartments","robots":{"index":"index","follow":"follow","max-snippet":"max-snippet:-1","max-image-preview":"max-image-preview:large","max-video-preview":"max-video-preview:-1"},"canonical":"https:\/\/westmanislandsluxury.is\/policy\/","og_locale":"is_IS","og_type":"article","og_title":"Policy - Westman Islands Villas &amp; Apartments","og_description":"Almennir skilm\u00e1lar Dagurinn byrjar klukkan 15.00 \u00e1 komudegi og endar klukkan 12.00 daginn eftir. Ef gestur skr\u00e1ir sig ekki \u00fat fyrir klukkan 12 getur gestur \u00feurft a\u00f0 grei\u00f0a auka dag Fyrirt\u00e6ki\u00f0 hefur r\u00e9tt \u00e1 a\u00f0 taka grei\u00f0slu vegna gistingar fyrirfram af kreditkorti. Ef gestur skemmir eitthva\u00f0, hefur fyrirt\u00e6ki\u00f0 r\u00e9tt \u00e1 \u00fev\u00ed a\u00f0 rukka gestinn um [&hellip;]","og_url":"https:\/\/westmanislandsluxury.is\/policy\/","og_site_name":"Westman Islands Villas &amp; Apartments","article_modified_time":"2021-12-07T16:50:01+00:00","og_image":[{"width":755,"height":755,"url":"https:\/\/westmanislandsluxury.is\/wp-content\/uploads\/2021\/08\/thumbnail_westman_islands_lux.png","type":"image\/png"}],"twitter_card":"summary_large_image","twitter_misc":{"Est. reading time":"1 minute"},"schema":{"@context":"https:\/\/schema.org","@graph":[{"@type":"WebPage","@id":"https:\/\/westmanislandsluxury.is\/policy\/","url":"https:\/\/westmanislandsluxury.is\/policy\/","name":"Policy - Westman Islands Villas &amp; Apartments","isPartOf":{"@id":"https:\/\/westmanislandsluxury.is\/#website"},"datePublished":"2021-09-02T09:39:02+00:00","dateModified":"2021-12-07T16:50:01+00:00","breadcrumb":{"@id":"https:\/\/westmanislandsluxury.is\/policy\/#breadcrumb"},"inLanguage":"is","potentialAction":[{"@type":"ReadAction","target":["https:\/\/westmanislandsluxury.is\/policy\/"]}]},{"@type":"BreadcrumbList","@id":"https:\/\/westmanislandsluxury.is\/policy\/#breadcrumb","itemListElement":[{"@type":"ListItem","position":1,"name":"Home","item":"https:\/\/westmanislandsluxury.is\/is\/"},{"@type":"ListItem","position":2,"name":"Policy"}]},{"@type":"WebSite","@id":"https:\/\/westmanislandsluxury.is\/#website","url":"https:\/\/westmanislandsluxury.is\/","name":"Westman Islands Villas &amp; Apartments","description":"Ocean Villas and Pier Apartments","publisher":{"@id":"https:\/\/westmanislandsluxury.is\/#organization"},"potentialAction":[{"@type":"SearchAction","target":{"@type":"EntryPoint","urlTemplate":"https:\/\/westmanislandsluxury.is\/?s={search_term_string}"},"query-input":{"@type":"PropertyValueSpecification","valueRequired":true,"valueName":"search_term_string"}}],"inLanguage":"is"},{"@type":"Organization","@id":"https:\/\/westmanislandsluxury.is\/#organization","name":"Westman Islands Luxury Villas","url":"https:\/\/westmanislandsluxury.is\/","logo":{"@type":"ImageObject","inLanguage":"is","@id":"https:\/\/westmanislandsluxury.is\/#\/schema\/logo\/image\/","url":"https:\/\/6f10b73ee8.nxcli.io\/wp-content\/uploads\/2021\/08\/thumbnail_westman_islands_lux.png","contentUrl":"https:\/\/6f10b73ee8.nxcli.io\/wp-content\/uploads\/2021\/08\/thumbnail_westman_islands_lux.png","width":755,"height":755,"caption":"Westman Islands Luxury Villas"},"image":{"@id":"https:\/\/westmanislandsluxury.is\/#\/schema\/logo\/image\/"}}]}},"_links":{"self":[{"href":"https:\/\/westmanislandsluxury.is\/is\/wp-json\/wp\/v2\/pages\/786","targetHints":{"allow":["GET"]}}],"collection":[{"href":"https:\/\/westmanislandsluxury.is\/is\/wp-json\/wp\/v2\/pages"}],"about":[{"href":"https:\/\/westmanislandsluxury.is\/is\/wp-json\/wp\/v2\/types\/page"}],"author":[{"embeddable":true,"href":"https:\/\/westmanislandsluxury.is\/is\/wp-json\/wp\/v2\/users\/1"}],"replies":[{"embeddable":true,"href":"https:\/\/westmanislandsluxury.is\/is\/wp-json\/wp\/v2\/comments?post=786"}],"version-history":[{"count":4,"href":"https:\/\/westmanislandsluxury.is\/is\/wp-json\/wp\/v2\/pages\/786\/revisions"}],"predecessor-version":[{"id":1230,"href":"https:\/\/westmanislandsluxury.is\/is\/wp-json\/wp\/v2\/pages\/786\/revisions\/1230"}],"wp:attachment":[{"href":"https:\/\/westmanislandsluxury.is\/is\/wp-json\/wp\/v2\/media?parent=786"}],"curies":[{"name":"wp","href":"https:\/\/api.w.org\/{rel}","templated":true}]}}